{"id":9310,"date":"2017-03-21T10:05:11","date_gmt":"2017-03-21T09:05:11","guid":{"rendered":"https:\/\/scivet.de\/impressum\/"},"modified":"2024-04-03T08:34:50","modified_gmt":"2024-04-03T06:34:50","slug":"impressum","status":"publish","type":"page","link":"https:\/\/scivet.de\/en\/impressum\/","title":{"rendered":"Imprint"},"content":{"rendered":"<div class=\"wpb-content-wrapper\"><p>[vc_row][vc_column width=&#8221;2\/3&#8243;][vc_text_separator title=&#8221;German version&#8221;][vc_column_text]<\/p>\n<div class=\"contentElement first\">\n<div id=\"c407\" class=\"csc-default\">\n<h2>Impressum<\/h2>\n<p>Zentralverband des Deutschen Handwerks e. V. (ZDH)<br \/>\nMohrenstra\u00dfe 20\/21<br \/>\n10117 Berlin<\/p>\n<p>Tel. +49 30 20619-0<br \/>\nFax +49 30 20619-460<br \/>\nE-Mail:\u00a0<a>info(at)zdh.de<\/a><\/p>\n<h3>Vertretungsberechtigte<\/h3>\n<p>Vertretungsberechtigte des Zentralverbandes des Deutschen Handwerks sind die Mitglieder des Gesch\u00e4ftsf\u00fchrenden Pr\u00e4sidiums<\/p>\n<p><strong>J\u00f6rg Dittrich<\/strong>, Pr\u00e4sident<br \/>\nPr\u00e4sident der Handwerkskammer Dresden<\/p>\n<p><strong>Franz Xaver Peteranderl<\/strong>, Vizepr\u00e4sident<br \/>\nPr\u00e4sident der Handwerkskammer f\u00fcr M\u00fcnchen und Oberbayern<\/p>\n<p><strong>Marcus Nachbauer<\/strong>, Vizepr\u00e4sident<br \/>\nBundesinnungsmeister und Pr\u00e4sident des Bundesverbandes Ger\u00fcstbau<\/p>\n<p><strong>Carola Zarth<\/strong><br \/>\nPr\u00e4sidentin der Handwerkskammer Berlin<\/p>\n<p><strong>Thomas B\u00fcrkle<\/strong><br \/>\nVizepr\u00e4sident des Zentralverbandes der Deutschen Elektro- und Informationstechnischen Handwerke (ZVEH)<\/p>\n<p>mit der Ma\u00dfgabe, dass jeweils zwei Mitglieder gemeinsam zur Vertretung berechtigt sind.<\/p>\n<p>Generalsekret\u00e4r <strong>Holger Schwannecke<\/strong> sowie die Gesch\u00e4ftsf\u00fchrer <strong>Dirk Palige<\/strong> und <strong>Karl-Sebastian Schulte<\/strong> haben hinsichtlich der ihnen zugewiesenen Aufgaben im Rahmen der Leitung der Gesch\u00e4ftsstelle jeder f\u00fcr sich Vertretungsmacht nach \u00a7 30 BGB.<\/p>\n<p>Der Zentralverband des Deutschen Handwerks ist beim Amtsgericht Berlin-Charlottenburg unter 95 VR 19916 Nz in das Vereinsregister eingetragen.<\/p>\n<h3>Redaktionelle Verantwortung<\/h3>\n<p>Sophia Grunert, Janina Mitwalli<\/p>\n<h3>Bildnachweis<\/h3>\n<p>ZDH, istockphoto,\u00a0 Aktion Modernes Handwerk<\/p>\n<h3>Haftungsausschluss<\/h3>\n<p>Der Zentralverband des Deutschen Handwerks e. V. \u00fcbernimmt keinerlei Verantwortung oder Haftung f\u00fcr die Angaben auf dieser Webseite. Unser Ziel ist es, aktuelle und genaue Informationen bereitzustellen. Allerdings kann nicht garantiert werden, dass die auf dieser Webseite verf\u00fcgbaren Angaben tats\u00e4chlich aktuell, umfassend, komplett oder genau sind.<\/p>\n<p>Bei den bereitgestellten Informationen handelt es sich um solche allgemeiner Art, die nicht auf die besonderen Bed\u00fcrfnisse bestimmter Personen oder Unternehmen abgestimmt sind. Insbesondere soll durch sie keine rechtliche Beratung erfolgen.<\/p>\n<p>Sofern von dieser Webseite auf andere Webseiten verwiesen wird, kann der ZDH deren Inhalt nicht beeinflussen und f\u00fcr diesen auch keine Verantwortung \u00fcbernehmen.<\/p>\n<\/div>\n<\/div>\n<p>[\/vc_column_text][vc_empty_space][vc_text_separator title=&#8221;English version&#8221;][vc_empty_space height=&#8221;15px&#8221;][vc_column_text]<\/p>\n<h2>Imprint<\/h2>\n<p>German Confederation of Skilled Crafts (ZDH)<br \/>\nMohrenstra\u00dfe 20\/21<br \/>\n10117 Berlin<\/p>\n<p>Phone +49 30 20619-0<br \/>\nFax +49 30 20619-460<br \/>\nE-mail: info(at)zdh.de<\/p>\n<h3>Authorised representatives<\/h3>\n<p>The authorised representatives of the German Confederation of Skilled Crafts are the members of the Executive Committee<\/p>\n<p><strong>J\u00f6rg Dittrich<\/strong>, President<br \/>\nPresident of the Dresden Chamber of Skilled Crafts<\/p>\n<p><strong>Franz Xaver Peteranderl<\/strong>, Vice President<br \/>\nPresident of the Chamber of Skilled Crafts for Munich and Upper Bavaria<\/p>\n<p><strong>Marcus Nachbauer<\/strong>, Vice President<br \/>\nFederal Guild Master and President of the Federal Scaffolding Association<\/p>\n<p><strong>Carola Zarth<\/strong><br \/>\nPresident of the Berlin Chamber of Crafts<\/p>\n<p><strong>Thomas B\u00fcrkle<\/strong><br \/>\nVice President of the Central Association of the German Electrical and IT Trades (ZVEH)<\/p>\n<p>with the proviso that two members are jointly authorised to represent the association.<\/p>\n<p>General Secretary <strong>Holger Schwannecke<\/strong> and the Managing Directors <strong>Dirk Palige<\/strong> and <strong>Karl-Sebastian Schulte<\/strong> each have power of representation in accordance with Section 30 of the German Civil Code (BGB) with regard to the tasks assigned to them within the scope of managing the office.<\/p>\n<p>The German Confederation of Skilled Crafts is entered in the register of associations at the Berlin-Charlottenburg Local Court under 95 VR 19916 Nz.<\/p>\n<h3>Editorial responsibility<\/h3>\n<p>Sophia Grunert, Janina Mitwalli<\/p>\n<h3>Picture credits<\/h3>\n<p>ZDH, istockphoto, Aktion Modernes Handwerk<\/p>\n<h3>Disclaimer of liability<\/h3>\n<p>The Zentralverband des Deutschen Handwerks e. V. accepts no responsibility or liability whatsoever for the information on this website. Our aim is to provide up-to-date and accurate information. However, no guarantee can be given that the information available on this website is actually up-to-date, comprehensive, complete or accurate.<\/p>\n<p>The information provided is of a general nature and is not intended to meet the specific needs of any particular individual or organisation. In particular, it is not intended to provide legal advice.<\/p>\n<p>Where this website refers to other websites, the ZDH cannot influence their content and cannot accept any responsibility for it.[\/vc_column_text][\/vc_column][vc_column width=&#8221;1\/3&#8243; el_class=&#8221;sidebar&#8221;][\/vc_column][\/vc_row]<\/p>\n<\/div>","protected":false},"excerpt":{"rendered":"<p>[vc_row][vc_column width=&#8221;2\/3&#8243;][vc_text_separator title=&#8221;German version&#8221;][vc_column_text] Impressum Zentralverband des Deutschen Handwerks e. V. (ZDH) Mohrenstra\u00dfe 20\/21 10117 Berlin Tel. +49 30 20619-0 Fax +49 30 20619-460 E-Mail:\u00a0info(at)zdh.de Vertretungsberechtigte Vertretungsberechtigte des Zentralverbandes des Deutschen Handwerks sind die Mitglieder des Gesch\u00e4ftsf\u00fchrenden Pr\u00e4sidiums J\u00f6rg Dittrich, Pr\u00e4sident Pr\u00e4sident der Handwerkskammer Dresden Franz Xaver Peteranderl, Vizepr\u00e4sident Pr\u00e4sident der Handwerkskammer f\u00fcr M\u00fcnchen und [&hellip;]<\/p>\n","protected":false},"author":10,"featured_media":0,"parent":0,"menu_order":0,"comment_status":"closed","ping_status":"closed","template":"","meta":{"_acf_changed":false,"footnotes":""},"categories":[],"tags":[],"class_list":["post-9310","page","type-page","status-publish","hentry"],"acf":[],"yoast_head":"<!-- This site is optimized with the Yoast SEO plugin v27.4 - https:\/\/yoast.com\/product\/yoast-seo-wordpress\/ -->\n<title>Imprint - SCIVET<\/title>\n<meta name=\"robots\" content=\"index, follow, max-snippet:-1, max-image-preview:large, max-video-preview:-1\" \/>\n<link rel=\"canonical\" href=\"https:\/\/scivet.de\/en\/impressum\/\" \/>\n<meta property=\"og:locale\" content=\"en_US\" \/>\n<meta property=\"og:type\" content=\"article\" \/>\n<meta property=\"og:title\" content=\"Imprint - SCIVET\" \/>\n<meta property=\"og:description\" content=\"[vc_row][vc_column width=&#8221;2\/3&#8243;][vc_text_separator title=&#8221;German version&#8221;][vc_column_text] Impressum Zentralverband des Deutschen Handwerks e. V. (ZDH) Mohrenstra\u00dfe 20\/21 10117 Berlin Tel. +49 30 20619-0 Fax +49 30 20619-460 E-Mail:\u00a0info(at)zdh.de Vertretungsberechtigte Vertretungsberechtigte des Zentralverbandes des Deutschen Handwerks sind die Mitglieder des Gesch\u00e4ftsf\u00fchrenden Pr\u00e4sidiums J\u00f6rg Dittrich, Pr\u00e4sident Pr\u00e4sident der Handwerkskammer Dresden Franz Xaver Peteranderl, Vizepr\u00e4sident Pr\u00e4sident der Handwerkskammer f\u00fcr M\u00fcnchen und [&hellip;]\" \/>\n<meta property=\"og:url\" content=\"https:\/\/scivet.de\/en\/impressum\/\" \/>\n<meta property=\"og:site_name\" content=\"SCIVET\" \/>\n<meta property=\"article:modified_time\" content=\"2024-04-03T06:34:50+00:00\" \/>\n<meta name=\"twitter:card\" content=\"summary_large_image\" \/>\n<meta name=\"twitter:label1\" content=\"Est. reading time\" \/>\n\t<meta name=\"twitter:data1\" content=\"4 minutes\" \/>\n<script type=\"application\/ld+json\" class=\"yoast-schema-graph\">{\"@context\":\"https:\\\/\\\/schema.org\",\"@graph\":[{\"@type\":\"WebPage\",\"@id\":\"https:\\\/\\\/scivet.de\\\/en\\\/impressum\\\/\",\"url\":\"https:\\\/\\\/scivet.de\\\/en\\\/impressum\\\/\",\"name\":\"Imprint - SCIVET\",\"isPartOf\":{\"@id\":\"https:\\\/\\\/scivet.de\\\/#website\"},\"datePublished\":\"2017-03-21T09:05:11+00:00\",\"dateModified\":\"2024-04-03T06:34:50+00:00\",\"breadcrumb\":{\"@id\":\"https:\\\/\\\/scivet.de\\\/en\\\/impressum\\\/#breadcrumb\"},\"inLanguage\":\"en-US\",\"potentialAction\":[{\"@type\":\"ReadAction\",\"target\":[\"https:\\\/\\\/scivet.de\\\/en\\\/impressum\\\/\"]}]},{\"@type\":\"BreadcrumbList\",\"@id\":\"https:\\\/\\\/scivet.de\\\/en\\\/impressum\\\/#breadcrumb\",\"itemListElement\":[{\"@type\":\"ListItem\",\"position\":1,\"name\":\"Home\",\"item\":\"https:\\\/\\\/scivet.de\\\/en\\\/\"},{\"@type\":\"ListItem\",\"position\":2,\"name\":\"Imprint\"}]},{\"@type\":\"WebSite\",\"@id\":\"https:\\\/\\\/scivet.de\\\/#website\",\"url\":\"https:\\\/\\\/scivet.de\\\/\",\"name\":\"SCIVET\",\"description\":\"International Vocational Education &amp; Training\",\"publisher\":{\"@id\":\"https:\\\/\\\/scivet.de\\\/#organization\"},\"potentialAction\":[{\"@type\":\"SearchAction\",\"target\":{\"@type\":\"EntryPoint\",\"urlTemplate\":\"https:\\\/\\\/scivet.de\\\/?s={search_term_string}\"},\"query-input\":{\"@type\":\"PropertyValueSpecification\",\"valueRequired\":true,\"valueName\":\"search_term_string\"}}],\"inLanguage\":\"en-US\"},{\"@type\":\"Organization\",\"@id\":\"https:\\\/\\\/scivet.de\\\/#organization\",\"name\":\"SCIVET Koordinierungsstelle\",\"url\":\"https:\\\/\\\/scivet.de\\\/\",\"logo\":{\"@type\":\"ImageObject\",\"inLanguage\":\"en-US\",\"@id\":\"https:\\\/\\\/scivet.de\\\/#\\\/schema\\\/logo\\\/image\\\/\",\"url\":\"https:\\\/\\\/scivet.de\\\/wp-content\\\/uploads\\\/2018\\\/09\\\/logo.jpg\",\"contentUrl\":\"https:\\\/\\\/scivet.de\\\/wp-content\\\/uploads\\\/2018\\\/09\\\/logo.jpg\",\"width\":1593,\"height\":456,\"caption\":\"SCIVET Koordinierungsstelle\"},\"image\":{\"@id\":\"https:\\\/\\\/scivet.de\\\/#\\\/schema\\\/logo\\\/image\\\/\"}}]}<\/script>\n<!-- \/ Yoast SEO plugin. -->","yoast_head_json":{"title":"Imprint - SCIVET","robots":{"index":"index","follow":"follow","max-snippet":"max-snippet:-1","max-image-preview":"max-image-preview:large","max-video-preview":"max-video-preview:-1"},"canonical":"https:\/\/scivet.de\/en\/impressum\/","og_locale":"en_US","og_type":"article","og_title":"Imprint - SCIVET","og_description":"[vc_row][vc_column width=&#8221;2\/3&#8243;][vc_text_separator title=&#8221;German version&#8221;][vc_column_text] Impressum Zentralverband des Deutschen Handwerks e. V. (ZDH) Mohrenstra\u00dfe 20\/21 10117 Berlin Tel. +49 30 20619-0 Fax +49 30 20619-460 E-Mail:\u00a0info(at)zdh.de Vertretungsberechtigte Vertretungsberechtigte des Zentralverbandes des Deutschen Handwerks sind die Mitglieder des Gesch\u00e4ftsf\u00fchrenden Pr\u00e4sidiums J\u00f6rg Dittrich, Pr\u00e4sident Pr\u00e4sident der Handwerkskammer Dresden Franz Xaver Peteranderl, Vizepr\u00e4sident Pr\u00e4sident der Handwerkskammer f\u00fcr M\u00fcnchen und [&hellip;]","og_url":"https:\/\/scivet.de\/en\/impressum\/","og_site_name":"SCIVET","article_modified_time":"2024-04-03T06:34:50+00:00","twitter_card":"summary_large_image","twitter_misc":{"Est. reading time":"4 minutes"},"schema":{"@context":"https:\/\/schema.org","@graph":[{"@type":"WebPage","@id":"https:\/\/scivet.de\/en\/impressum\/","url":"https:\/\/scivet.de\/en\/impressum\/","name":"Imprint - SCIVET","isPartOf":{"@id":"https:\/\/scivet.de\/#website"},"datePublished":"2017-03-21T09:05:11+00:00","dateModified":"2024-04-03T06:34:50+00:00","breadcrumb":{"@id":"https:\/\/scivet.de\/en\/impressum\/#breadcrumb"},"inLanguage":"en-US","potentialAction":[{"@type":"ReadAction","target":["https:\/\/scivet.de\/en\/impressum\/"]}]},{"@type":"BreadcrumbList","@id":"https:\/\/scivet.de\/en\/impressum\/#breadcrumb","itemListElement":[{"@type":"ListItem","position":1,"name":"Home","item":"https:\/\/scivet.de\/en\/"},{"@type":"ListItem","position":2,"name":"Imprint"}]},{"@type":"WebSite","@id":"https:\/\/scivet.de\/#website","url":"https:\/\/scivet.de\/","name":"SCIVET","description":"International Vocational Education &amp; Training","publisher":{"@id":"https:\/\/scivet.de\/#organization"},"potentialAction":[{"@type":"SearchAction","target":{"@type":"EntryPoint","urlTemplate":"https:\/\/scivet.de\/?s={search_term_string}"},"query-input":{"@type":"PropertyValueSpecification","valueRequired":true,"valueName":"search_term_string"}}],"inLanguage":"en-US"},{"@type":"Organization","@id":"https:\/\/scivet.de\/#organization","name":"SCIVET Koordinierungsstelle","url":"https:\/\/scivet.de\/","logo":{"@type":"ImageObject","inLanguage":"en-US","@id":"https:\/\/scivet.de\/#\/schema\/logo\/image\/","url":"https:\/\/scivet.de\/wp-content\/uploads\/2018\/09\/logo.jpg","contentUrl":"https:\/\/scivet.de\/wp-content\/uploads\/2018\/09\/logo.jpg","width":1593,"height":456,"caption":"SCIVET Koordinierungsstelle"},"image":{"@id":"https:\/\/scivet.de\/#\/schema\/logo\/image\/"}}]}},"_links":{"self":[{"href":"https:\/\/scivet.de\/en\/wp-json\/wp\/v2\/pages\/9310","targetHints":{"allow":["GET"]}}],"collection":[{"href":"https:\/\/scivet.de\/en\/wp-json\/wp\/v2\/pages"}],"about":[{"href":"https:\/\/scivet.de\/en\/wp-json\/wp\/v2\/types\/page"}],"author":[{"embeddable":true,"href":"https:\/\/scivet.de\/en\/wp-json\/wp\/v2\/users\/10"}],"replies":[{"embeddable":true,"href":"https:\/\/scivet.de\/en\/wp-json\/wp\/v2\/comments?post=9310"}],"version-history":[{"count":0,"href":"https:\/\/scivet.de\/en\/wp-json\/wp\/v2\/pages\/9310\/revisions"}],"wp:attachment":[{"href":"https:\/\/scivet.de\/en\/wp-json\/wp\/v2\/media?parent=9310"}],"wp:term":[{"taxonomy":"category","embeddable":true,"href":"https:\/\/scivet.de\/en\/wp-json\/wp\/v2\/categories?post=9310"},{"taxonomy":"post_tag","embeddable":true,"href":"https:\/\/scivet.de\/en\/wp-json\/wp\/v2\/tags?post=9310"}],"curies":[{"name":"wp","href":"https:\/\/api.w.org\/{rel}","templated":true}]}}